{"id":2062,"date":"2018-06-26T12:39:49","date_gmt":"2018-06-26T11:39:49","guid":{"rendered":"https:\/\/www.bemarsa.com\/politica-de-privacidad\/"},"modified":"2023-02-13T09:58:54","modified_gmt":"2023-02-13T08:58:54","slug":"privacy-policy","status":"publish","type":"page","link":"https:\/\/bemarsa.com\/ru\/privacy-policy\/","title":{"rendered":"Privacy policy"},"content":{"rendered":"<section class=\"section swatch-white  section-text-no-shadow section-inner-no-shadow section-normal section-opaque\"  data-label=\"\">\n    \n    <div class=\"background-overlay grid-overlay-0 \" style=\"background-color: rgba(0,0,0,0);\"><\/div>\n\n    <div class=\"container\">\n        <div class=\"row vertical-top\">\n            <div class=\"col-md-12     text-default small-screen-default\"  ><header class=\"text-left  element-medium-top element-short-bottom not-condensed\" data-os-animation=\"none\" data-os-animation-delay=\"0s\" >\n    <h1 class=\"normal regular no-bordered-header bordered-normal\" >\n        Privacy policy    <\/h1>\n    <\/header>\n<div class=\" element-short-top element-short-bottom\" data-os-animation=\"none\" data-os-animation-delay=\"0s\">\n    <p>BENICANTIL MARMOLES, S.A. (en adelante la Web o el Sitio) informa a los usuarios de que los Datos de Car\u00e1cter personal que recoge (por diferentes medios tales como: Encuestas al interesado, formularios de petici\u00f3n de informaci\u00f3n, chats online y fuentes accesibles al p\u00fablico) son objeto de tratamiento automatizado y se incorporan en el Registro de actividades de tratamiento correspondientes, titularidad de BENICANTIL MARMOLES, S.A.<\/p>\n<p>La recogida y tratamiento automatizado de los Datos de Car\u00e1cter Personal tiene como finalidad el mantenimiento de la relaci\u00f3n contractual que en su caso se establezca con BENICANTIL MARMOLES, S.A., as\u00ed como el desempe\u00f1o de las tareas de informaci\u00f3n, formaci\u00f3n, comercializaci\u00f3n (tarea esta \u00faltima siempre identificada como tal) y otras actividades propias.<\/p>\n<p>En aquellos casos en que BENICANTIL MARMOLES, S.A. figure como Encargado del Tratamiento asume las obligaciones establecidas en el RGPD al efecto, y manifiesta que \u00fanicamente tratar\u00e1 los datos conforme a las instrucciones del responsable de tratamiento y que no los aplicar\u00e1 o utilizar\u00e1 con fines distintos a los que figuren en el contrato celebrado al efecto.<\/p>\n<p>Los datos de clientes se conservar\u00e1n mientras dure la relaci\u00f3n contractual y posteriormente durante los plazos exigidos para el cumplimiento de obligaciones legales. Los datos de preclientes o antiguos clientes para la realizaci\u00f3n de acciones promocionales, se conservar\u00e1n durante los\u00a0a\u00f1os de actividad de la empresa, sin perjuicio de la conservaci\u00f3n que resultase necesaria para la formulaci\u00f3n de reclamaciones judiciales o extrajudiciales y\/o siempre que lo permita u obligue la legislaci\u00f3n. \u2028\u2028Asimismo, BENICANTIL MARMOLES, S.A. informa que, en caso de que as\u00ed se haya autorizado de forma expresa, podr\u00e1 utilizar las direcciones de correo electr\u00f3nico facilitadas por usted, para mantenerle informado de sus novedades comerciales y sus distintas ofertas promocionales. Si, en cualquier momento, usted se opone a recibir comunicaciones comerciales, escribamos a la direcci\u00f3n de correo electr\u00f3nico aliagasan@bemarsa.com indicando Baja RGPD en el asunto. El consentimiento se podr\u00e1 revocar en cualquier momento.<\/p>\n<p>El usuario podr\u00e1, en todo momento, ejercitar los derechos reconocidos en la normativa vigente, de Acceso, Rectificaci\u00f3n, Supresi\u00f3n, Limitaci\u00f3n, no ser objeto de decisiones individualizadas y Oposici\u00f3n. El ejercicio de estos derechos puede realizarlo el propio usuario mediante comunicaci\u00f3n escrita a la siguiente direcci\u00f3n: CARRETERA ELDA-MON\u00d3VAR, CAMINO DE LA ESTACI\u00d3N S\/N,ELDA,03600,Alicante; O enviando un e mail a la direcci\u00f3n: info@bemarsa.com<\/p>\n<p>Tambi\u00e9n puede ejercitar estos derechos en los t\u00e9rminos que la normativa aplicable establece y que pueden consultar en www.agpd.es<br \/>\nEl usuario del Sitio ser\u00e1 el \u00fanico responsable de la veracidad y exactitud de los datos aportados, actuando el propietario de la web de buena fe como mero prestador del servicio. En caso de haber facilitado datos falsos o de terceras personas sin mediar su consentimiento para ello, el propietario de la web se reserva el derecho a la destrucci\u00f3n inmediata de los citados datos a fin de proteger el derecho del titular o titulares de los mismos.<\/p>\n<p>BENICANTIL MARMOLES, S.A. se compromete al cumplimiento de su obligaci\u00f3n de secreto de los datos de car\u00e1cter personal y de su deber de guardarlos y adoptar\u00e1 todas las medidas de \u00edndole t\u00e9cnica y organizativa para garantizar la seguridad de los datos de car\u00e1cter personal y evitar su alteraci\u00f3n, p\u00e9rdida, tratamiento o acceso no autorizado, habida cuenta del estado de la tecnolog\u00eda, la naturaleza de los datos almacenados y los riesgos a que est\u00e9n expuestos.<\/p>\n<p>El sitio Web dispone de las medidas de seguridad de la informaci\u00f3n generalmente utilizadas para evitar el acceso no autorizado a los datos personales.<\/p>\n<p>Por favor, lea detenidamente esta declaraci\u00f3n de privacidad antes de usar este Sitio, conocer\u00e1 la forma en que procesaremos sus datos personales y usamos las cookies. El uso de este Sitio implica la aceptaci\u00f3n de nuestra pol\u00edtica de privacidad. En caso contrario no use este Sitio.<\/p>\n<\/div><div class=\"divider-wrapper\" style=\"visibility:hidden;background-color:\">\n    <div class=\"visible-xs\" style=\"height:48px;\"><\/div>\n    <div class=\"visible-sm\" style=\"height:48px;\"><\/div>\n    <div class=\"visible-md\" style=\"height:48px;\"><\/div>\n    <div class=\"visible-lg\" style=\"height:48px;\"><\/div>\n<\/div><\/div>        <\/div>\n    <\/div>\n<\/section><section class=\"section swatch-white  section-text-no-shadow section-inner-no-shadow section-normal section-opaque\"  data-label=\"\">\n    \n    <div class=\"background-overlay grid-overlay-0 \" style=\"background-color: rgba(0,0,0,0);\"><\/div>\n\n    <div class=\"container-fullwidth\">\n        <div class=\"row vertical-top\">\n            <div class=\"col-md-12     text-default small-screen-default\"  ><div class=\" element-no-top element-no-bottom\" data-os-animation=\"none\" data-os-animation-delay=\"0s\">\n    <div class=\"content_block\" id=\"custom_post_widget-152\"><section class=\"section swatch-muestra-pie  section-text-no-shadow section-inner-no-shadow section-normal section-opaque\" id=\"pie\"  data-label=\"\">\n    \n    <div class=\"background-overlay grid-overlay-0 \" style=\"background-color: rgba(211,204,196,1);\"><\/div>\n\n    <div class=\"container-fullwidth\">\n        <div class=\"row vertical-top\">\n            <div class=\"col-md-6    upper-footer-left text-left small-screen-center\"  ><div class=\"divider-wrapper\" style=\"visibility:hidden;background-color:\">\n    <div class=\"visible-xs\" style=\"height:24px;\"><\/div>\n    <div class=\"visible-sm\" style=\"height:24px;\"><\/div>\n    <div class=\"visible-md\" style=\"height:0px;\"><\/div>\n    <div class=\"visible-lg\" style=\"height:0px;\"><\/div>\n<\/div><header class=\"text-default  element-medium-top element-medium-bottom not-condensed\" data-os-animation=\"none\" data-os-animation-delay=\"0s\" >\n    <h4 class=\"normal regular no-bordered-header bordered-normal\"style=\"color:#5a5f60;\" >\n        Benicantil M\u00e1rmoles, S.A.    <\/h4>\n    <\/header>\n<div class=\"datos-pie element-short-top element-no-bottom\" data-os-animation=\"none\" data-os-animation-delay=\"0s\">\n    <p>Camino de la Estaci\u00f3n s\/n<br \/>\nCtra. Elda &#8212; Mon\u00f3var<br \/>\n03600 Elda &#8212; Alicante (Espa\u00f1a)<\/p>\n<p>&nbsp;<\/p>\n<p><i class=\"fa fa-phone\"><\/i>\u00a0\u00a0\u00a0+34 966 961 022<br \/>\n<i class=\"fa fa-fax\"><\/i>\u00a0\u00a0+34 966 960 728<\/p>\n<p>&nbsp;<\/p>\n<p><i class=\"fa fa-envelope-o\"><\/i>\u00a0\u00a0info@bemarsa.com<\/p>\n<\/div><div class=\"figure imagen-industrial-pie element-short-top element-short-bottom image-filter-none image-filter-onhover fade-in text-center figcaption-middle normalwidth\" data-os-animation=\"none\" data-os-animation-delay=\"0s\">\n            <a href=\"https:\/\/bemarsa.com\/wp-content\/uploads\/2024\/11\/CARTEL-INPYME-2025-BEMARSA.jpg\" class=\"figure-image magnific image-all\" data-links=\"\" target=\"_blank\">\n    \n    <img decoding=\"async\" src=\"https:\/\/bemarsa.com\/wp-content\/uploads\/2024\/11\/CARTEL-INPYME-2025-BEMARSA.jpg\"   class=\"normalwidth\" \/>    \n            <\/a>\n    \n<\/div><div class=\"figure imagen-labora-pie element-short-top element-short-bottom image-filter-none image-filter-onhover fade-in text-center figcaption-middle normalwidth\" data-os-animation=\"none\" data-os-animation-delay=\"0s\">\n            <a href=\"https:\/\/bemarsa.com\/wp-content\/uploads\/2024\/01\/CARTEL-ECOVUL-2023-CASTELLANO.jpg\" class=\"figure-image magnific image-all\" data-links=\"\" target=\"_blank\">\n    \n    <img decoding=\"async\" src=\"https:\/\/bemarsa.com\/wp-content\/uploads\/2024\/01\/CARTEL-ECOVUL-2023-CASTELLANO.jpg\"   class=\"normalwidth\" \/>    \n            <\/a>\n    \n<\/div><div class=\"figure imagen-oca element-short-top element-short-bottom image-filter-none image-filter-onhover fade-in text-center figcaption-middle normalwidth\" data-os-animation=\"none\" data-os-animation-delay=\"0s\">\n            <span class=\"figure-image\">\n    \n    <img decoding=\"async\" src=\"https:\/\/bemarsa.com\/wp-content\/uploads\/2018\/01\/OCA-ENAC.png\"   class=\"normalwidth\" \/>    \n            <\/span>\n    \n<\/div><div class=\"figure imagen-marmol-pie element-short-top element-short-bottom image-filter-none image-filter-onhover fade-in text-center figcaption-middle normalwidth\" data-os-animation=\"none\" data-os-animation-delay=\"0s\">\n            <a href=\"http:\/\/www.marmoldealicante.com\/\" class=\"figure-image  image-all\" data-links=\"\" target=\"_blank\">\n    \n    <img decoding=\"async\" src=\"https:\/\/bemarsa.com\/wp-content\/uploads\/2018\/01\/logo-marmol-de-alicante.png\"   class=\"normalwidth\" \/>    \n            <\/a>\n    \n<\/div><div class=\"divider-wrapper\" style=\"visibility:hidden;background-color:\">\n    <div class=\"visible-xs\" style=\"height:24px;\"><\/div>\n    <div class=\"visible-sm\" style=\"height:24px;\"><\/div>\n    <div class=\"visible-md\" style=\"height:24px;\"><\/div>\n    <div class=\"visible-lg\" style=\"height:24px;\"><\/div>\n<\/div><\/div><div class=\"col-md-6    upper-footer-right text-left small-screen-center\"  ><div class=\"divider-wrapper\" style=\"visibility:hidden;background-color:\">\n    <div class=\"visible-xs\" style=\"height:24px;\"><\/div>\n    <div class=\"visible-sm\" style=\"height:24px;\"><\/div>\n    <div class=\"visible-md\" style=\"height:0px;\"><\/div>\n    <div class=\"visible-lg\" style=\"height:0px;\"><\/div>\n<\/div><header class=\"text-default  element-medium-top element-short-bottom not-condensed\" data-os-animation=\"none\" data-os-animation-delay=\"0s\" >\n    <h4 class=\"normal regular no-bordered-header bordered-normal\"style=\"color:#ffffff;\" >\n        \u0421\u0432\u044f\u0436\u0438\u0442\u0435\u0441\u044c \u0441 \u043d\u0430\u043c\u0438    <\/h4>\n    <\/header>\n\n<div class=\"wpcf7 no-js\" id=\"wpcf7-f905-o1\" lang=\"es-ES\" dir=\"ltr\">\n<div class=\"screen-reader-response\"><p role=\"status\" aria-live=\"polite\" aria-atomic=\"true\"><\/p> <ul><\/ul><\/div>\n<form action=\"\/ru\/wp-json\/wp\/v2\/pages\/2062#wpcf7-f905-o1\" method=\"post\" class=\"wpcf7-form init\" aria-label=\"Formulario de contacto\" novalidate=\"novalidate\" data-status=\"init\">\n<div style=\"display: none;\">\n<input type=\"hidden\" name=\"_wpcf7\" value=\"905\" \/>\n<input type=\"hidden\" name=\"_wpcf7_version\" value=\"5.9.8\" \/>\n<input type=\"hidden\" name=\"_wpcf7_locale\" value=\"es_ES\" \/>\n<input type=\"hidden\" name=\"_wpcf7_unit_tag\" value=\"wpcf7-f905-o1\" \/>\n<input type=\"hidden\" name=\"_wpcf7_container_post\" value=\"0\" \/>\n<input type=\"hidden\" name=\"_wpcf7_posted_data_hash\" value=\"\" \/>\n<input type=\"hidden\" name=\"_wpcf7_recaptcha_response\" value=\"\" \/>\n<\/div>\n<table width=\"100%\">\n\t<tr>\n\t\t<td style=\"padding-right:6px;\">\n\t\t\t<p><span class=\"wpcf7-form-control-wrap\" data-name=\"tu-nombre\"><input size=\"40\" maxlength=\"400\" class=\"wpcf7-form-control wpcf7-text wpcf7-validates-as-required input-formulario\" aria-required=\"true\" aria-invalid=\"false\" placeholder=\"\u0418\u043c\u044f\" value=\"\" type=\"text\" name=\"tu-nombre\" \/><\/span>\n\t\t\t<\/p>\n\t\t<\/td>\n\t\t<td style=\"padding-right:6px;\">\n\t\t\t<p><span class=\"wpcf7-form-control-wrap\" data-name=\"tu-nombre\"><input size=\"40\" maxlength=\"400\" class=\"wpcf7-form-control wpcf7-text wpcf7-validates-as-required input-formulario\" aria-required=\"true\" aria-invalid=\"false\" placeholder=\"\u0441\u0442\u0440\u0430\u043d\u0430\" value=\"\" type=\"text\" name=\"tu-nombre\" \/><\/span>\n\t\t\t<\/p>\n\t\t<\/td>\n\t\t<td style=\"padding-left:6px;\">\n\t\t\t<p><span class=\"wpcf7-form-control-wrap\" data-name=\"tu-email\"><input size=\"40\" maxlength=\"400\" class=\"wpcf7-form-control wpcf7-email wpcf7-validates-as-required wpcf7-text wpcf7-validates-as-email input-formulario\" aria-required=\"true\" aria-invalid=\"false\" placeholder=\"\u041c\u0435\u0439\u043b\" value=\"\" type=\"email\" name=\"tu-email\" \/><\/span>\n\t\t\t<\/p>\n\t\t<\/td>\n\t<\/tr>\n<\/table>\n<p><span class=\"wpcf7-form-control-wrap\" data-name=\"tu-mensaje\"><textarea cols=\"40\" rows=\"10\" maxlength=\"2000\" class=\"wpcf7-form-control wpcf7-textarea wpcf7-validates-as-required input-formulario-area\" aria-required=\"true\" aria-invalid=\"false\" placeholder=\"\u0421\u043e\u043e\u0431\u0449\u0435\u043d\u0438\u0435\" name=\"tu-mensaje\"><\/textarea><\/span>\n<\/p>\n<table width=\"100%\" style=\"font-size:0.9em!important;\">\n\t<tr>\n\t\t<td align=\"left\" width=\"160\">\n\t\t\t<p><input class=\"wpcf7-form-control wpcf7-submit has-spinner\" type=\"submit\" value=\"\u041e\u0442\u043f\u0440\u0430\u0432\u0438\u0442\u044c\" \/>\n\t\t\t<\/p>\n\t\t<\/td>\n\t\t<td valign=\"bottom\" width=\"20\" align=\"left\">\n\t\t\t<p><span class=\"wpcf7-form-control-wrap\" data-name=\"yo-acepto\"><span class=\"wpcf7-form-control wpcf7-acceptance\"><span class=\"wpcf7-list-item\"><input type=\"checkbox\" name=\"yo-acepto\" value=\"1\" aria-invalid=\"false\" \/><\/span><\/span><\/span>\n\t\t\t<\/p>\n\t\t<\/td>\n\t\t<td valign=\"bottom\" align=\"left\" style=\"padding-right:0px; font-size:10px;\">\n\t\t\t<p>\u041f\u0440\u043e\u0447\u0438\u0442\u0430\u043b \u0438 <span class=\"popmake-aviso-legal-ru\"><u>\u0441\u043e\u0433\u043b\u0430\u0448\u0430\u044e\u0441\u044c \u0441 \u0443\u0441\u043b\u043e\u0432\u0438\u044f\u043c\u0438 <\/u>.<\/span>\n\t\t\t<\/p>\n\t\t<\/td>\n\t<\/tr>\n\t<p style=\"font-size: 12px;\">\u042d\u0442\u043e\u0442 \u0432\u0435\u0431-\u0441\u0430\u0439\u0442 \u044f\u0432\u043b\u044f\u0435\u0442\u0441\u044f \u0441\u043e\u0431\u0441\u0442\u0432\u0435\u043d\u043d\u043e\u0441\u0442\u044c\u044e BENICANTIL MARMOLES, S.A. \u0441 NIF \u2116 A03158029 \u0438 \u0430\u0434\u0440\u0435\u0441\u043e\u043c CARRETERA ELDA-MON\u00d3VAR, CAMINO DE LA ESTACI\u00d3N S \/ N, ELDA, 03600, \u0410\u043b\u0438\u043a\u0430\u043d\u0442\u0435 \u0438 \u0437\u0430\u0440\u0435\u0433\u0438\u0441\u0442\u0440\u0438\u0440\u043e\u0432\u0430\u043d\u043d\u044b\u043c \u0432 \u0442\u043e\u0440\u0433\u043e\u0432\u043e\u043c \u0440\u0435\u0435\u0441\u0442\u0440\u0435 \u2026\u2026\u2026\u2026 .. \u0412\u044b \u043c\u043e\u0436\u0435\u0442\u0435 \u0441\u0432\u044f\u0437\u0430\u0442\u044c\u0441\u044f \u0441 \u043d\u0430\u043c\u0438 \u043f\u043e \u0430\u0434\u0440\u0435\u0441\u0443 info@bemarsa.com \u0438\u043b\u0438 \u043f\u043e \u0442\u0435\u043b\u0435\u0444\u043e\u043d\u0443 966 961 022. \u041d\u0430\u0448\u0430 \u0441\u043e\u0446\u0438\u0430\u043b\u044c\u043d\u0430\u044f \u0434\u0435\u044f\u0442\u0435\u043b\u044c\u043d\u043e\u0441\u0442\u044c - \u043f\u0440\u043e\u0438\u0437\u0432\u043e\u0434\u0441\u0442\u0432\u043e \u043f\u0440\u0438\u0440\u043e\u0434\u043d\u043e\u0433\u043e \u043a\u0430\u043c\u043d\u044f. \u041d\u0430\u0437\u043d\u0430\u0447\u0435\u043d\u0438\u0435 \u0441\u0430\u0439\u0442\u0430 - \u0438\u043d\u0444\u043e\u0440\u043c\u0430\u0442\u0438\u0432\u043d\u043e\u0435.\n\t<\/p>\n\t<p\/>\n\t<\/p>\n<\/table><div class=\"wpcf7-response-output\" aria-hidden=\"true\"><\/div>\n<\/form>\n<\/div>\n<div class=\"divider-wrapper\" style=\"visibility:hidden;background-color:\">\n    <div class=\"visible-xs\" style=\"height:24px;\"><\/div>\n    <div class=\"visible-sm\" style=\"height:24px;\"><\/div>\n    <div class=\"visible-md\" style=\"height:60px;\"><\/div>\n    <div class=\"visible-lg\" style=\"height:60px;\"><\/div>\n<\/div><\/div>        <\/div>\n    <\/div>\n<\/section>\n<\/div>\n<\/div><\/div>        <\/div>\n    <\/div>\n<\/section>\n","protected":false},"excerpt":{"rendered":"Privacy policy BENICANTIL MARMOLES, S.A. (en adelante la Web o el Sitio) informa a los usuarios de que los Datos de Car\u00e1cter personal que recoge (por diferentes medios tales como: Encuestas al interesado, formularios de petici\u00f3n de informaci\u00f3n, chats online y fuentes accesibles al p\u00fablico) son objeto de tratamiento automatizado y se incorporan en el","protected":false},"author":1,"featured_media":0,"parent":0,"menu_order":0,"comment_status":"closed","ping_status":"closed","template":"","meta":{"footnotes":""},"aioseo_notices":[],"_links":{"self":[{"href":"https:\/\/bemarsa.com\/ru\/wp-json\/wp\/v2\/pages\/2062"}],"collection":[{"href":"https:\/\/bemarsa.com\/ru\/wp-json\/wp\/v2\/pages"}],"about":[{"href":"https:\/\/bemarsa.com\/ru\/wp-json\/wp\/v2\/types\/page"}],"author":[{"embeddable":true,"href":"https:\/\/bemarsa.com\/ru\/wp-json\/wp\/v2\/users\/1"}],"replies":[{"embeddable":true,"href":"https:\/\/bemarsa.com\/ru\/wp-json\/wp\/v2\/comments?post=2062"}],"version-history":[{"count":1,"href":"https:\/\/bemarsa.com\/ru\/wp-json\/wp\/v2\/pages\/2062\/revisions"}],"predecessor-version":[{"id":2064,"href":"https:\/\/bemarsa.com\/ru\/wp-json\/wp\/v2\/pages\/2062\/revisions\/2064"}],"wp:attachment":[{"href":"https:\/\/bemarsa.com\/ru\/wp-json\/wp\/v2\/media?parent=2062"}],"curies":[{"name":"wp","href":"https:\/\/api.w.org\/{rel}","templated":true}]}}