{"id":2009,"date":"2018-01-05T11:07:16","date_gmt":"2018-01-05T10:07:16","guid":{"rendered":"https:\/\/www.bemarsa.com\/aviso-legal\/"},"modified":"2020-09-23T10:50:15","modified_gmt":"2020-09-23T09:50:15","slug":"legal-notification","status":"publish","type":"page","link":"https:\/\/bemarsa.com\/ru\/legal-notification\/","title":{"rendered":"Legal notification"},"content":{"rendered":"<section class=\"section swatch-white-black  section-text-no-shadow section-inner-no-shadow section-normal section-opaque\"  data-label=\"\">\n    \n    <div class=\"background-overlay grid-overlay-0 \" style=\"background-color: rgba(0,0,0,0);\"><\/div>\n\n    <div class=\"container\">\n        <div class=\"row vertical-top\">\n            <div class=\"col-md-12     text-default small-screen-default\"  ><header class=\"text-left  element-medium-top element-short-bottom not-condensed\" data-os-animation=\"none\" data-os-animation-delay=\"0s\" >\n    <h1 class=\"normal regular no-bordered-header bordered-normal\" >\n        Legal notification    <\/h1>\n    <\/header>\n<div class=\" element-medium-top element-normal-bottom\" data-os-animation=\"none\" data-os-animation-delay=\"0s\">\n    <p>Esta p\u00e1gina Web es propiedad de BENICANTIL MARMOLES, S.A. con NIF n\u00ba A03158029 y domicilio en CARRETERA ELDA-MON\u00d3VAR, CAMINO DE LA ESTACI\u00d3N S\/N,ELDA,03600,Alicante e Inscrita en el Registro Mercantil de \u2026\u2026\u2026\u2026..\u00a0\u041d\u0430\u0448\u0430 \u043e\u0431\u0449\u0435\u0441\u0442\u0432\u0435\u043d\u043d\u0430\u044f \u0434\u0435\u044f\u0442\u0435\u043b\u044c\u043d\u043e\u0441\u0442\u044c &#8212; \u043f\u0440\u043e\u0438\u0437\u0432\u043e\u0434\u0441\u0442\u0432\u043e \u043d\u0430\u0442\u0443\u0440\u0430\u043b\u044c\u043d\u043e\u0433\u043e \u043a\u0430\u043c\u043d\u044f. \u041d\u0430\u0437\u043d\u0430\u0447\u0435\u043d\u0438\u0435 \u0441\u0430\u0439\u0442\u0430 &#8212; \u0438\u043d\u0444\u043e\u0440\u043c\u0430\u0442\u0438\u0432\u043d\u043e\u0435.<\/p>\n<p>Para cualquier consulta o propuesta, cont\u00e1ctenos en el e-mail: info@bemarsa.com<\/p>\n<p>Esta p\u00e1gina Web se rige por la normativa exclusivamente aplicable en Espa\u00f1a y en espacio que comprende la Uni\u00f3n Europea, quedando sometida a ella, tanto nacionales como extranjeros que utilicen esta Web.<\/p>\n<p>El acceso a nuestra p\u00e1gina Web por parte del USUARIO es gratuito y est\u00e1 condicionado a la previa lectura y aceptaci\u00f3n integra, expresa y sin reservas del presente Aviso Legal vigente en el momento del acceso, que rogamos lea detenidamente. El USUARIO en el momento que utiliza nuestro portal, sus contenidos o servicios, acepta y se somete expresamente a las condiciones generales de uso del mismo. Si el usuario no estuviere de acuerdo con las presentes condiciones de uso, deber\u00e1 abstenerse de utilizar este portal y operar por medio del mismo.<\/p>\n<p>En cualquier momento podremos modificar la presentaci\u00f3n y configuraci\u00f3n de nuestra Web, ampliar o reducir servicios, e incluso suprimirla de la Red, as\u00ed como los servicios y contenidos prestados, todo ello de forma unilateral y sin previo aviso.<\/p>\n<p><strong>Propiedad intelectual<\/strong><\/p>\n<p>Todos los contenidos, textos, im\u00e1genes, marcas y c\u00f3digos fuente son de nuestra propiedad o de terceros a los que se han adquirido sus derechos de explotaci\u00f3n, y est\u00e1n protegidos por los derechos de Propiedad Intelectual e Industrial.<br \/>\nEl usuario \u00fanicamente tiene derecho a un uso privado de los mismos, sin \u00e1nimo de lucro, y necesita autorizaci\u00f3n expresa para modificarlos, reproducirlos, explotarlos, distribuirlos o ejercer cualquier derecho perteneciente a su titular.<\/p>\n<p><strong>Condiciones de acceso<\/strong><\/p>\n<p>El acceso a nuestra p\u00e1gina Web es gratuito y no exige previa suscripci\u00f3n o registro. La finalidad de la misma es meramente informativa o publicitaria, de cualquier modo se ofrece un formulario de contacto para que pueda solicitar m\u00e1s informaci\u00f3n.<\/p>\n<p>El env\u00edo de datos personales a trav\u00e9s del formulario de contacto implicar\u00e1 la aceptaci\u00f3n expresa por parte del USUARIO de nuestra pol\u00edtica de privacidad, con la habilitaci\u00f3n del check respectivo en el momento del env\u00edo de sus datos. Con respecto al uso de sus datos con fines publicitarios se habilitar\u00e1 otro check que podr\u00e1 o no marcar.<\/p>\n<p>El usuario debe acceder a nuestra p\u00e1gina Web conforme a la buena fe, las normas de orden p\u00fablico y a las presentes Condiciones Generales de uso. El acceso a nuestro sitio Web se realiza bajo la propia y exclusiva responsabilidad del usuario, que responder\u00e1 en todo caso de los da\u00f1os y perjuicios que pueda causar a terceros o a nosotros mismos.<\/p>\n<p>Teniendo en cuenta la imposibilidad de control respecto a la informaci\u00f3n, contenidos y servicios que contengan otras p\u00e1ginas web a los que se pueda acceder a trav\u00e9s de los enlaces que nuestra p\u00e1gina web pueda poner a su disposici\u00f3n, le comunicamos que quedamos eximidos de cualquier responsabilidad por los da\u00f1os y perjuicios de toda clase que pudiesen derivar por la utilizaci\u00f3n de esas p\u00e1ginas web, ajenas a nuestra empresa, por parte del usuario.<\/p>\n<p>Puede obtener m\u00e1s informaci\u00f3n sobre el uso que hacemos de sus datos de car\u00e1cter personal en la Pol\u00edtica de Privacidad de nuestra web.<\/p>\n<\/div><\/div>        <\/div>\n    <\/div>\n<\/section><section class=\"section swatch-white  section-text-no-shadow section-inner-no-shadow section-normal section-opaque\"  data-label=\"\">\n    \n    <div class=\"background-overlay grid-overlay-0 \" style=\"background-color: rgba(0,0,0,0);\"><\/div>\n\n    <div class=\"container-fullwidth\">\n        <div class=\"row vertical-top\">\n            <div class=\"col-md-12     text-default small-screen-default\"  ><div class=\" element-no-top element-no-bottom\" data-os-animation=\"none\" data-os-animation-delay=\"0s\">\n    <div class=\"content_block\" id=\"custom_post_widget-152\"><section class=\"section swatch-muestra-pie  section-text-no-shadow section-inner-no-shadow section-normal section-opaque\" id=\"pie\"  data-label=\"\">\n    \n    <div class=\"background-overlay grid-overlay-0 \" style=\"background-color: rgba(211,204,196,1);\"><\/div>\n\n    <div class=\"container-fullwidth\">\n        <div class=\"row vertical-top\">\n            <div class=\"col-md-6    upper-footer-left text-left small-screen-center\"  ><div class=\"divider-wrapper\" style=\"visibility:hidden;background-color:\">\n    <div class=\"visible-xs\" style=\"height:24px;\"><\/div>\n    <div class=\"visible-sm\" style=\"height:24px;\"><\/div>\n    <div class=\"visible-md\" style=\"height:0px;\"><\/div>\n    <div class=\"visible-lg\" style=\"height:0px;\"><\/div>\n<\/div><header class=\"text-default  element-medium-top element-medium-bottom not-condensed\" data-os-animation=\"none\" data-os-animation-delay=\"0s\" >\n    <h4 class=\"normal regular no-bordered-header bordered-normal\"style=\"color:#5a5f60;\" >\n        Benicantil M\u00e1rmoles, S.A.    <\/h4>\n    <\/header>\n<div class=\"datos-pie element-short-top element-no-bottom\" data-os-animation=\"none\" data-os-animation-delay=\"0s\">\n    <p>Camino de la Estaci\u00f3n s\/n<br \/>\nCtra. Elda &#8212; Mon\u00f3var<br \/>\n03600 Elda &#8212; Alicante (Espa\u00f1a)<\/p>\n<p>&nbsp;<\/p>\n<p><i class=\"fa fa-phone\"><\/i>\u00a0\u00a0\u00a0+34 966 961 022<br \/>\n<i class=\"fa fa-fax\"><\/i>\u00a0\u00a0+34 966 960 728<\/p>\n<p>&nbsp;<\/p>\n<p><i class=\"fa fa-envelope-o\"><\/i>\u00a0\u00a0info@bemarsa.com<\/p>\n<\/div><div class=\"figure imagen-industrial-pie element-short-top element-short-bottom image-filter-none image-filter-onhover fade-in text-center figcaption-middle normalwidth\" data-os-animation=\"none\" data-os-animation-delay=\"0s\">\n            <a href=\"https:\/\/bemarsa.com\/wp-content\/uploads\/2024\/11\/CARTEL-INPYME-2025-BEMARSA.jpg\" class=\"figure-image magnific image-all\" data-links=\"\" target=\"_blank\">\n    \n    <img decoding=\"async\" src=\"https:\/\/bemarsa.com\/wp-content\/uploads\/2024\/11\/CARTEL-INPYME-2025-BEMARSA.jpg\"   class=\"normalwidth\" \/>    \n            <\/a>\n    \n<\/div><div class=\"figure imagen-labora-pie element-short-top element-short-bottom image-filter-none image-filter-onhover fade-in text-center figcaption-middle normalwidth\" data-os-animation=\"none\" data-os-animation-delay=\"0s\">\n            <a href=\"https:\/\/bemarsa.com\/wp-content\/uploads\/2024\/01\/CARTEL-ECOVUL-2023-CASTELLANO.jpg\" class=\"figure-image magnific image-all\" data-links=\"\" target=\"_blank\">\n    \n    <img decoding=\"async\" src=\"https:\/\/bemarsa.com\/wp-content\/uploads\/2024\/01\/CARTEL-ECOVUL-2023-CASTELLANO.jpg\"   class=\"normalwidth\" \/>    \n            <\/a>\n    \n<\/div><div class=\"figure imagen-oca element-short-top element-short-bottom image-filter-none image-filter-onhover fade-in text-center figcaption-middle normalwidth\" data-os-animation=\"none\" data-os-animation-delay=\"0s\">\n            <span class=\"figure-image\">\n    \n    <img decoding=\"async\" src=\"https:\/\/bemarsa.com\/wp-content\/uploads\/2018\/01\/OCA-ENAC.png\"   class=\"normalwidth\" \/>    \n            <\/span>\n    \n<\/div><div class=\"figure imagen-marmol-pie element-short-top element-short-bottom image-filter-none image-filter-onhover fade-in text-center figcaption-middle normalwidth\" data-os-animation=\"none\" data-os-animation-delay=\"0s\">\n            <a href=\"http:\/\/www.marmoldealicante.com\/\" class=\"figure-image  image-all\" data-links=\"\" target=\"_blank\">\n    \n    <img decoding=\"async\" src=\"https:\/\/bemarsa.com\/wp-content\/uploads\/2018\/01\/logo-marmol-de-alicante.png\"   class=\"normalwidth\" \/>    \n            <\/a>\n    \n<\/div><div class=\"divider-wrapper\" style=\"visibility:hidden;background-color:\">\n    <div class=\"visible-xs\" style=\"height:24px;\"><\/div>\n    <div class=\"visible-sm\" style=\"height:24px;\"><\/div>\n    <div class=\"visible-md\" style=\"height:24px;\"><\/div>\n    <div class=\"visible-lg\" style=\"height:24px;\"><\/div>\n<\/div><\/div><div class=\"col-md-6    upper-footer-right text-left small-screen-center\"  ><div class=\"divider-wrapper\" style=\"visibility:hidden;background-color:\">\n    <div class=\"visible-xs\" style=\"height:24px;\"><\/div>\n    <div class=\"visible-sm\" style=\"height:24px;\"><\/div>\n    <div class=\"visible-md\" style=\"height:0px;\"><\/div>\n    <div class=\"visible-lg\" style=\"height:0px;\"><\/div>\n<\/div><header class=\"text-default  element-medium-top element-short-bottom not-condensed\" data-os-animation=\"none\" data-os-animation-delay=\"0s\" >\n    <h4 class=\"normal regular no-bordered-header bordered-normal\"style=\"color:#ffffff;\" >\n        \u0421\u0432\u044f\u0436\u0438\u0442\u0435\u0441\u044c \u0441 \u043d\u0430\u043c\u0438    <\/h4>\n    <\/header>\n\n<div class=\"wpcf7 no-js\" id=\"wpcf7-f905-o1\" lang=\"es-ES\" dir=\"ltr\">\n<div class=\"screen-reader-response\"><p role=\"status\" aria-live=\"polite\" aria-atomic=\"true\"><\/p> <ul><\/ul><\/div>\n<form action=\"\/ru\/wp-json\/wp\/v2\/pages\/2009#wpcf7-f905-o1\" method=\"post\" class=\"wpcf7-form init\" aria-label=\"Formulario de contacto\" novalidate=\"novalidate\" data-status=\"init\">\n<div style=\"display: none;\">\n<input type=\"hidden\" name=\"_wpcf7\" value=\"905\" \/>\n<input type=\"hidden\" name=\"_wpcf7_version\" value=\"5.9.8\" \/>\n<input type=\"hidden\" name=\"_wpcf7_locale\" value=\"es_ES\" \/>\n<input type=\"hidden\" name=\"_wpcf7_unit_tag\" value=\"wpcf7-f905-o1\" \/>\n<input type=\"hidden\" name=\"_wpcf7_container_post\" value=\"0\" \/>\n<input type=\"hidden\" name=\"_wpcf7_posted_data_hash\" value=\"\" \/>\n<input type=\"hidden\" name=\"_wpcf7_recaptcha_response\" value=\"\" \/>\n<\/div>\n<table width=\"100%\">\n\t<tr>\n\t\t<td style=\"padding-right:6px;\">\n\t\t\t<p><span class=\"wpcf7-form-control-wrap\" data-name=\"tu-nombre\"><input size=\"40\" maxlength=\"400\" class=\"wpcf7-form-control wpcf7-text wpcf7-validates-as-required input-formulario\" aria-required=\"true\" aria-invalid=\"false\" placeholder=\"\u0418\u043c\u044f\" value=\"\" type=\"text\" name=\"tu-nombre\" \/><\/span>\n\t\t\t<\/p>\n\t\t<\/td>\n\t\t<td style=\"padding-right:6px;\">\n\t\t\t<p><span class=\"wpcf7-form-control-wrap\" data-name=\"tu-nombre\"><input size=\"40\" maxlength=\"400\" class=\"wpcf7-form-control wpcf7-text wpcf7-validates-as-required input-formulario\" aria-required=\"true\" aria-invalid=\"false\" placeholder=\"\u0441\u0442\u0440\u0430\u043d\u0430\" value=\"\" type=\"text\" name=\"tu-nombre\" \/><\/span>\n\t\t\t<\/p>\n\t\t<\/td>\n\t\t<td style=\"padding-left:6px;\">\n\t\t\t<p><span class=\"wpcf7-form-control-wrap\" data-name=\"tu-email\"><input size=\"40\" maxlength=\"400\" class=\"wpcf7-form-control wpcf7-email wpcf7-validates-as-required wpcf7-text wpcf7-validates-as-email input-formulario\" aria-required=\"true\" aria-invalid=\"false\" placeholder=\"\u041c\u0435\u0439\u043b\" value=\"\" type=\"email\" name=\"tu-email\" \/><\/span>\n\t\t\t<\/p>\n\t\t<\/td>\n\t<\/tr>\n<\/table>\n<p><span class=\"wpcf7-form-control-wrap\" data-name=\"tu-mensaje\"><textarea cols=\"40\" rows=\"10\" maxlength=\"2000\" class=\"wpcf7-form-control wpcf7-textarea wpcf7-validates-as-required input-formulario-area\" aria-required=\"true\" aria-invalid=\"false\" placeholder=\"\u0421\u043e\u043e\u0431\u0449\u0435\u043d\u0438\u0435\" name=\"tu-mensaje\"><\/textarea><\/span>\n<\/p>\n<table width=\"100%\" style=\"font-size:0.9em!important;\">\n\t<tr>\n\t\t<td align=\"left\" width=\"160\">\n\t\t\t<p><input class=\"wpcf7-form-control wpcf7-submit has-spinner\" type=\"submit\" value=\"\u041e\u0442\u043f\u0440\u0430\u0432\u0438\u0442\u044c\" \/>\n\t\t\t<\/p>\n\t\t<\/td>\n\t\t<td valign=\"bottom\" width=\"20\" align=\"left\">\n\t\t\t<p><span class=\"wpcf7-form-control-wrap\" data-name=\"yo-acepto\"><span class=\"wpcf7-form-control wpcf7-acceptance\"><span class=\"wpcf7-list-item\"><input type=\"checkbox\" name=\"yo-acepto\" value=\"1\" aria-invalid=\"false\" \/><\/span><\/span><\/span>\n\t\t\t<\/p>\n\t\t<\/td>\n\t\t<td valign=\"bottom\" align=\"left\" style=\"padding-right:0px; font-size:10px;\">\n\t\t\t<p>\u041f\u0440\u043e\u0447\u0438\u0442\u0430\u043b \u0438 <span class=\"popmake-aviso-legal-ru\"><u>\u0441\u043e\u0433\u043b\u0430\u0448\u0430\u044e\u0441\u044c \u0441 \u0443\u0441\u043b\u043e\u0432\u0438\u044f\u043c\u0438 <\/u>.<\/span>\n\t\t\t<\/p>\n\t\t<\/td>\n\t<\/tr>\n\t<p style=\"font-size: 12px;\">\u042d\u0442\u043e\u0442 \u0432\u0435\u0431-\u0441\u0430\u0439\u0442 \u044f\u0432\u043b\u044f\u0435\u0442\u0441\u044f \u0441\u043e\u0431\u0441\u0442\u0432\u0435\u043d\u043d\u043e\u0441\u0442\u044c\u044e BENICANTIL MARMOLES, S.A. \u0441 NIF \u2116 A03158029 \u0438 \u0430\u0434\u0440\u0435\u0441\u043e\u043c CARRETERA ELDA-MON\u00d3VAR, CAMINO DE LA ESTACI\u00d3N S \/ N, ELDA, 03600, \u0410\u043b\u0438\u043a\u0430\u043d\u0442\u0435 \u0438 \u0437\u0430\u0440\u0435\u0433\u0438\u0441\u0442\u0440\u0438\u0440\u043e\u0432\u0430\u043d\u043d\u044b\u043c \u0432 \u0442\u043e\u0440\u0433\u043e\u0432\u043e\u043c \u0440\u0435\u0435\u0441\u0442\u0440\u0435 \u2026\u2026\u2026\u2026 .. \u0412\u044b \u043c\u043e\u0436\u0435\u0442\u0435 \u0441\u0432\u044f\u0437\u0430\u0442\u044c\u0441\u044f \u0441 \u043d\u0430\u043c\u0438 \u043f\u043e \u0430\u0434\u0440\u0435\u0441\u0443 info@bemarsa.com \u0438\u043b\u0438 \u043f\u043e \u0442\u0435\u043b\u0435\u0444\u043e\u043d\u0443 966 961 022. \u041d\u0430\u0448\u0430 \u0441\u043e\u0446\u0438\u0430\u043b\u044c\u043d\u0430\u044f \u0434\u0435\u044f\u0442\u0435\u043b\u044c\u043d\u043e\u0441\u0442\u044c - \u043f\u0440\u043e\u0438\u0437\u0432\u043e\u0434\u0441\u0442\u0432\u043e \u043f\u0440\u0438\u0440\u043e\u0434\u043d\u043e\u0433\u043e \u043a\u0430\u043c\u043d\u044f. \u041d\u0430\u0437\u043d\u0430\u0447\u0435\u043d\u0438\u0435 \u0441\u0430\u0439\u0442\u0430 - \u0438\u043d\u0444\u043e\u0440\u043c\u0430\u0442\u0438\u0432\u043d\u043e\u0435.\n\t<\/p>\n\t<p\/>\n\t<\/p>\n<\/table><div class=\"wpcf7-response-output\" aria-hidden=\"true\"><\/div>\n<\/form>\n<\/div>\n<div class=\"divider-wrapper\" style=\"visibility:hidden;background-color:\">\n    <div class=\"visible-xs\" style=\"height:24px;\"><\/div>\n    <div class=\"visible-sm\" style=\"height:24px;\"><\/div>\n    <div class=\"visible-md\" style=\"height:60px;\"><\/div>\n    <div class=\"visible-lg\" style=\"height:60px;\"><\/div>\n<\/div><\/div>        <\/div>\n    <\/div>\n<\/section>\n<\/div>\n<\/div><\/div>        <\/div>\n    <\/div>\n<\/section>\n","protected":false},"excerpt":{"rendered":"Legal notification Esta p\u00e1gina Web es propiedad de BENICANTIL MARMOLES, S.A. con NIF n\u00ba A03158029 y domicilio en CARRETERA ELDA-MON\u00d3VAR, CAMINO DE LA ESTACI\u00d3N S\/N,ELDA,03600,Alicante e Inscrita en el Registro Mercantil de \u2026\u2026\u2026\u2026..\u00a0\u041d\u0430\u0448\u0430 \u043e\u0431\u0449\u0435\u0441\u0442\u0432\u0435\u043d\u043d\u0430\u044f \u0434\u0435\u044f\u0442\u0435\u043b\u044c\u043d\u043e\u0441\u0442\u044c - \u043f\u0440\u043e\u0438\u0437\u0432\u043e\u0434\u0441\u0442\u0432\u043e \u043d\u0430\u0442\u0443\u0440\u0430\u043b\u044c\u043d\u043e\u0433\u043e \u043a\u0430\u043c\u043d\u044f. \u041d\u0430\u0437\u043d\u0430\u0447\u0435\u043d\u0438\u0435 \u0441\u0430\u0439\u0442\u0430 - \u0438\u043d\u0444\u043e\u0440\u043c\u0430\u0442\u0438\u0432\u043d\u043e\u0435. Para cualquier consulta o propuesta, cont\u00e1ctenos en el e-mail: info@bemarsa.com Esta p\u00e1gina","protected":false},"author":1,"featured_media":0,"parent":0,"menu_order":0,"comment_status":"closed","ping_status":"closed","template":"","meta":{"footnotes":""},"aioseo_notices":[],"_links":{"self":[{"href":"https:\/\/bemarsa.com\/ru\/wp-json\/wp\/v2\/pages\/2009"}],"collection":[{"href":"https:\/\/bemarsa.com\/ru\/wp-json\/wp\/v2\/pages"}],"about":[{"href":"https:\/\/bemarsa.com\/ru\/wp-json\/wp\/v2\/types\/page"}],"author":[{"embeddable":true,"href":"https:\/\/bemarsa.com\/ru\/wp-json\/wp\/v2\/users\/1"}],"replies":[{"embeddable":true,"href":"https:\/\/bemarsa.com\/ru\/wp-json\/wp\/v2\/comments?post=2009"}],"version-history":[{"count":4,"href":"https:\/\/bemarsa.com\/ru\/wp-json\/wp\/v2\/pages\/2009\/revisions"}],"predecessor-version":[{"id":2396,"href":"https:\/\/bemarsa.com\/ru\/wp-json\/wp\/v2\/pages\/2009\/revisions\/2396"}],"wp:attachment":[{"href":"https:\/\/bemarsa.com\/ru\/wp-json\/wp\/v2\/media?parent=2009"}],"curies":[{"name":"wp","href":"https:\/\/api.w.org\/{rel}","templated":true}]}}