{"id":1848,"date":"2018-05-20T08:54:41","date_gmt":"2018-05-20T07:54:41","guid":{"rendered":"https:\/\/www.bemarsa.com\/%d0%bf%d1%80%d0%be%d0%b4%d1%83%d0%ba%d1%82%d1%8b\/calizas\/"},"modified":"2018-06-06T15:00:09","modified_gmt":"2018-06-06T14:00:09","slug":"%d0%b8%d0%b7%d0%b2%d0%b5%d1%81%d1%82%d0%bd%d1%8f%d0%ba%d0%b8","status":"publish","type":"page","link":"https:\/\/bemarsa.com\/ru\/%d0%bf%d1%80%d0%be%d0%b4%d1%83%d0%ba%d1%82%d1%8b\/%d0%b8%d0%b7%d0%b2%d0%b5%d1%81%d1%82%d0%bd%d1%8f%d0%ba%d0%b8\/","title":{"rendered":"\u0418\u0437\u0432\u0435\u0441\u0442\u043d\u044f\u043a\u0438"},"content":{"rendered":"<section class=\"section swatch-white  section-text-no-shadow section-inner-no-shadow section-normal section-opaque\" id=\"menu-selector-marmoles\"  data-label=\"\">\n    \n    <div class=\"background-overlay grid-overlay-0 \" style=\"background-color: rgba(0,0,0,0);\"><\/div>\n\n    <div class=\"container-fullwidth\">\n        <div class=\"row vertical-top\">\n            <div class=\"col-md-12     text-center small-screen-default\"  ><header class=\"text-default  element-medium-top element-medium-bottom not-condensed\" data-os-animation=\"none\" data-os-animation-delay=\"0s\" >\n    <h1 class=\"normal regular no-bordered-header bordered-normal\" >\n        \u0418\u0437\u0432\u0435\u0441\u0442\u043d\u044f\u043a\u0438    <\/h1>\n    <\/header>\n<div class=\"portfolio-container  element-no-top element-no-bottom\"><div class=\"row\">\n    <div class=\"col-md-12\">\n        <div class=\"portfolio-header clearfix\">\n                        <div class=\"portfolio-filters pull-right\">\n                                                            <\/div>\n        <\/div>\n    <\/div>\n<\/div>\n<div class=\"portfolio masonry no-transition\" data-padding=\"0\" data-col-xs=\"2\" data-col-sm=\"5\" data-col-md=\"6\" data-col-lg=\"6\" data-layout=\"fitRows\">\n                \n            <div class=\"masonry-item portfolio-item filter-calizas-ru\" data-menu-order=\"6\" data-date=\"2018-05-22T11:02:04+01:00\" data-title=\"Capri Limestone\" data-comments=\"0\">\n                <div class=\"figure  element-no-top element-no-bottom image-filter-none image-filter-onhover fade-in from-bottom text-center figcaption-middle normalwidth\" data-os-animation=\"none\" data-os-animation-delay=\"0s\">\n            <a href=\"https:\/\/bemarsa.com\/ru\/portfolio\/capri-limestone\/\" class=\"figure-image  image-all\" data-links=\"\" target=\"_self\">\n    \n    <img decoding=\"async\" src=\"https:\/\/bemarsa.com\/wp-content\/uploads\/2018\/05\/Caliza-Capri-M.jpg\" alt=\"Capri Limestone\"  class=\"normalwidth\" \/>        <div class=\"figure-overlay grid-overlay-0\">\n        <div class=\"figure-overlay-container\">\n                            <div class=\"figure-caption\">\n                    <h3 class=\"figure-caption-title bordered bordered-small\">Capri Limestone<\/h3>\n                    <p class=\"figure-caption-description\"><\/p>\n                <\/div>\n                    <\/div>\n    <\/div>\n    \n            <\/a>\n    \n<\/div>            <\/div>\n                        \n            <div class=\"masonry-item portfolio-item filter-calizas-ru\" data-menu-order=\"11\" data-date=\"2018-05-22T11:23:12+01:00\" data-title=\"White Cloudy\" data-comments=\"0\">\n                <div class=\"figure  element-no-top element-no-bottom image-filter-none image-filter-onhover fade-in from-bottom text-center figcaption-middle normalwidth\" data-os-animation=\"none\" data-os-animation-delay=\"0s\">\n            <a href=\"https:\/\/bemarsa.com\/ru\/portfolio\/white-cloudy\/\" class=\"figure-image  image-all\" data-links=\"\" target=\"_self\">\n    \n    <img decoding=\"async\" src=\"https:\/\/bemarsa.com\/wp-content\/uploads\/2018\/05\/White-Cloudy-M.jpg\" alt=\"White Cloudy\"  class=\"normalwidth\" \/>        <div class=\"figure-overlay grid-overlay-0\">\n        <div class=\"figure-overlay-container\">\n                            <div class=\"figure-caption\">\n                    <h3 class=\"figure-caption-title bordered bordered-small\">White Cloudy<\/h3>\n                    <p class=\"figure-caption-description\"><\/p>\n                <\/div>\n                    <\/div>\n    <\/div>\n    \n            <\/a>\n    \n<\/div>            <\/div>\n                        \n            <div class=\"masonry-item portfolio-item filter-calizas-ru\" data-menu-order=\"14\" data-date=\"2018-05-22T11:14:48+01:00\" data-title=\"Forest Limestone\" data-comments=\"0\">\n                <div class=\"figure  element-no-top element-no-bottom image-filter-none image-filter-onhover fade-in from-bottom text-center figcaption-middle normalwidth\" data-os-animation=\"none\" data-os-animation-delay=\"0s\">\n            <a href=\"https:\/\/bemarsa.com\/ru\/portfolio\/forest-limestone\/\" class=\"figure-image  image-all\" data-links=\"\" target=\"_self\">\n    \n    <img decoding=\"async\" src=\"https:\/\/bemarsa.com\/wp-content\/uploads\/2018\/05\/Caliza-Forest-M.jpg\" alt=\"Forest Limestone\"  class=\"normalwidth\" \/>        <div class=\"figure-overlay grid-overlay-0\">\n        <div class=\"figure-overlay-container\">\n                            <div class=\"figure-caption\">\n                    <h3 class=\"figure-caption-title bordered bordered-small\">Forest Limestone<\/h3>\n                    <p class=\"figure-caption-description\"><\/p>\n                <\/div>\n                    <\/div>\n    <\/div>\n    \n            <\/a>\n    \n<\/div>            <\/div>\n                        \n            <div class=\"masonry-item portfolio-item filter-calizas-ru\" data-menu-order=\"234\" data-date=\"2018-05-23T16:36:55+01:00\" data-title=\"Zenith\" data-comments=\"0\">\n                <div class=\"figure  element-no-top element-no-bottom image-filter-none image-filter-onhover fade-in from-bottom text-center figcaption-middle normalwidth\" data-os-animation=\"none\" data-os-animation-delay=\"0s\">\n            <a href=\"https:\/\/bemarsa.com\/ru\/portfolio\/zenith\/\" class=\"figure-image  image-all\" data-links=\"\" target=\"_self\">\n    \n    <img decoding=\"async\" src=\"https:\/\/bemarsa.com\/wp-content\/uploads\/2018\/05\/Zenith-M.jpg\" alt=\"Zenith\"  class=\"normalwidth\" \/>        <div class=\"figure-overlay grid-overlay-0\">\n        <div class=\"figure-overlay-container\">\n                            <div class=\"figure-caption\">\n                    <h3 class=\"figure-caption-title bordered bordered-small\">Zenith<\/h3>\n                    <p class=\"figure-caption-description\"><\/p>\n                <\/div>\n                    <\/div>\n    <\/div>\n    \n            <\/a>\n    \n<\/div>            <\/div>\n                        \n            <div class=\"masonry-item portfolio-item filter-calizas-ru\" data-menu-order=\"236\" data-date=\"2018-05-20T09:01:08+01:00\" data-title=\"Almorqu\u00ed\" data-comments=\"0\">\n                <div class=\"figure  element-no-top element-no-bottom image-filter-none image-filter-onhover fade-in from-bottom text-center figcaption-middle normalwidth\" data-os-animation=\"none\" data-os-animation-delay=\"0s\">\n            <a href=\"https:\/\/bemarsa.com\/ru\/portfolio\/almorqui\/\" class=\"figure-image  image-all\" data-links=\"\" target=\"_self\">\n    \n    <img decoding=\"async\" src=\"https:\/\/bemarsa.com\/wp-content\/uploads\/2018\/05\/Almorqui-M.jpg\" alt=\"Almorqu\u00ed\"  class=\"normalwidth\" \/>        <div class=\"figure-overlay grid-overlay-0\">\n        <div class=\"figure-overlay-container\">\n                            <div class=\"figure-caption\">\n                    <h3 class=\"figure-caption-title bordered bordered-small\">Almorqu\u00ed<\/h3>\n                    <p class=\"figure-caption-description\"><\/p>\n                <\/div>\n                    <\/div>\n    <\/div>\n    \n            <\/a>\n    \n<\/div>            <\/div>\n                        \n            <div class=\"masonry-item portfolio-item filter-calizas-ru\" data-menu-order=\"266\" data-date=\"2018-05-30T12:38:37+01:00\" data-title=\"Sunset Limestone\" data-comments=\"0\">\n                <div class=\"figure  element-no-top element-no-bottom image-filter-none image-filter-onhover fade-in from-bottom text-center figcaption-middle normalwidth\" data-os-animation=\"none\" data-os-animation-delay=\"0s\">\n            <a href=\"https:\/\/bemarsa.com\/ru\/portfolio\/sunset-limestone\/\" class=\"figure-image  image-all\" data-links=\"\" target=\"_self\">\n    \n    <img decoding=\"async\" src=\"https:\/\/bemarsa.com\/wp-content\/uploads\/2018\/05\/Sunset-M.jpg\" alt=\"Sunset Limestone\"  class=\"normalwidth\" \/>        <div class=\"figure-overlay grid-overlay-0\">\n        <div class=\"figure-overlay-container\">\n                            <div class=\"figure-caption\">\n                    <h3 class=\"figure-caption-title bordered bordered-small\">Sunset Limestone<\/h3>\n                    <p class=\"figure-caption-description\"><\/p>\n                <\/div>\n                    <\/div>\n    <\/div>\n    \n            <\/a>\n    \n<\/div>            <\/div>\n                        \n            <div class=\"masonry-item portfolio-item filter-calizas-ru\" data-menu-order=\"268\" data-date=\"2018-05-30T12:45:30+01:00\" data-title=\"Niwala Sim\u00f3n\" data-comments=\"0\">\n                <div class=\"figure  element-no-top element-no-bottom image-filter-none image-filter-onhover fade-in from-bottom text-center figcaption-middle normalwidth\" data-os-animation=\"none\" data-os-animation-delay=\"0s\">\n            <a href=\"https:\/\/bemarsa.com\/ru\/portfolio\/niwala-simon\/\" class=\"figure-image  image-all\" data-links=\"\" target=\"_self\">\n    \n    <img decoding=\"async\" src=\"https:\/\/bemarsa.com\/wp-content\/uploads\/2018\/05\/Niwala-Simon-M.jpg\" alt=\"Niwala Sim\u00f3n\"  class=\"normalwidth\" \/>        <div class=\"figure-overlay grid-overlay-0\">\n        <div class=\"figure-overlay-container\">\n                            <div class=\"figure-caption\">\n                    <h3 class=\"figure-caption-title bordered bordered-small\">Niwala Sim\u00f3n<\/h3>\n                    <p class=\"figure-caption-description\"><\/p>\n                <\/div>\n                    <\/div>\n    <\/div>\n    \n            <\/a>\n    \n<\/div>            <\/div>\n                        \n            <div class=\"masonry-item portfolio-item filter-calizas-ru\" data-menu-order=\"270\" data-date=\"2018-05-30T12:41:24+01:00\" data-title=\"Iberig Beig\" data-comments=\"0\">\n                <div class=\"figure  element-no-top element-no-bottom image-filter-none image-filter-onhover fade-in from-bottom text-center figcaption-middle normalwidth\" data-os-animation=\"none\" data-os-animation-delay=\"0s\">\n            <a href=\"https:\/\/bemarsa.com\/ru\/portfolio\/iberig-beig\/\" class=\"figure-image  image-all\" data-links=\"\" target=\"_self\">\n    \n    <img decoding=\"async\" src=\"https:\/\/bemarsa.com\/wp-content\/uploads\/2018\/05\/Iberic-Beig-M.jpg\" alt=\"Iberig Beig\"  class=\"normalwidth\" \/>        <div class=\"figure-overlay grid-overlay-0\">\n        <div class=\"figure-overlay-container\">\n                            <div class=\"figure-caption\">\n                    <h3 class=\"figure-caption-title bordered bordered-small\">Iberig Beig<\/h3>\n                    <p class=\"figure-caption-description\"><\/p>\n                <\/div>\n                    <\/div>\n    <\/div>\n    \n            <\/a>\n    \n<\/div>            <\/div>\n            <\/div>\n<\/div><\/div>        <\/div>\n    <\/div>\n<\/section><section class=\"section swatch-white  section-text-no-shadow section-inner-no-shadow section-normal section-opaque\"  data-label=\"\">\n    \n    <div class=\"background-overlay grid-overlay-0 \" style=\"background-color: rgba(0,0,0,0);\"><\/div>\n\n    <div class=\"container-fullwidth\">\n        <div class=\"row vertical-top\">\n            <div class=\"col-md-12     text-default small-screen-default\"  ><div class=\" element-no-top element-no-bottom\" data-os-animation=\"none\" data-os-animation-delay=\"0s\">\n    <div class=\"content_block\" id=\"custom_post_widget-152\"><section class=\"section swatch-muestra-pie  section-text-no-shadow section-inner-no-shadow section-normal section-opaque\" id=\"pie\"  data-label=\"\">\n    \n    <div class=\"background-overlay grid-overlay-0 \" style=\"background-color: rgba(211,204,196,1);\"><\/div>\n\n    <div class=\"container-fullwidth\">\n        <div class=\"row vertical-top\">\n            <div class=\"col-md-6    upper-footer-left text-left small-screen-center\"  ><div class=\"divider-wrapper\" style=\"visibility:hidden;background-color:\">\n    <div class=\"visible-xs\" style=\"height:24px;\"><\/div>\n    <div class=\"visible-sm\" style=\"height:24px;\"><\/div>\n    <div class=\"visible-md\" style=\"height:0px;\"><\/div>\n    <div class=\"visible-lg\" style=\"height:0px;\"><\/div>\n<\/div><header class=\"text-default  element-medium-top element-medium-bottom not-condensed\" data-os-animation=\"none\" data-os-animation-delay=\"0s\" >\n    <h4 class=\"normal regular no-bordered-header bordered-normal\"style=\"color:#5a5f60;\" >\n        Benicantil M\u00e1rmoles, S.A.    <\/h4>\n    <\/header>\n<div class=\"datos-pie element-short-top element-no-bottom\" data-os-animation=\"none\" data-os-animation-delay=\"0s\">\n    <p>Camino de la Estaci\u00f3n s\/n<br \/>\nCtra. Elda &#8212; Mon\u00f3var<br \/>\n03600 Elda &#8212; Alicante (Espa\u00f1a)<\/p>\n<p>&nbsp;<\/p>\n<p><i class=\"fa fa-phone\"><\/i>\u00a0\u00a0\u00a0+34 966 961 022<br \/>\n<i class=\"fa fa-fax\"><\/i>\u00a0\u00a0+34 966 960 728<\/p>\n<p>&nbsp;<\/p>\n<p><i class=\"fa fa-envelope-o\"><\/i>\u00a0\u00a0info@bemarsa.com<\/p>\n<\/div><div class=\"figure imagen-industrial-pie element-short-top element-short-bottom image-filter-none image-filter-onhover fade-in text-center figcaption-middle normalwidth\" data-os-animation=\"none\" data-os-animation-delay=\"0s\">\n            <a href=\"https:\/\/bemarsa.com\/wp-content\/uploads\/2024\/11\/CARTEL-INPYME-2025-BEMARSA.jpg\" class=\"figure-image magnific image-all\" data-links=\"\" target=\"_blank\">\n    \n    <img decoding=\"async\" src=\"https:\/\/bemarsa.com\/wp-content\/uploads\/2024\/11\/CARTEL-INPYME-2025-BEMARSA.jpg\"   class=\"normalwidth\" \/>    \n            <\/a>\n    \n<\/div><div class=\"figure imagen-labora-pie element-short-top element-short-bottom image-filter-none image-filter-onhover fade-in text-center figcaption-middle normalwidth\" data-os-animation=\"none\" data-os-animation-delay=\"0s\">\n            <a href=\"https:\/\/bemarsa.com\/wp-content\/uploads\/2024\/01\/CARTEL-ECOVUL-2023-CASTELLANO.jpg\" class=\"figure-image magnific image-all\" data-links=\"\" target=\"_blank\">\n    \n    <img decoding=\"async\" src=\"https:\/\/bemarsa.com\/wp-content\/uploads\/2024\/01\/CARTEL-ECOVUL-2023-CASTELLANO.jpg\"   class=\"normalwidth\" \/>    \n            <\/a>\n    \n<\/div><div class=\"figure imagen-oca element-short-top element-short-bottom image-filter-none image-filter-onhover fade-in text-center figcaption-middle normalwidth\" data-os-animation=\"none\" data-os-animation-delay=\"0s\">\n            <span class=\"figure-image\">\n    \n    <img decoding=\"async\" src=\"https:\/\/bemarsa.com\/wp-content\/uploads\/2018\/01\/OCA-ENAC.png\"   class=\"normalwidth\" \/>    \n            <\/span>\n    \n<\/div><div class=\"figure imagen-marmol-pie element-short-top element-short-bottom image-filter-none image-filter-onhover fade-in text-center figcaption-middle normalwidth\" data-os-animation=\"none\" data-os-animation-delay=\"0s\">\n            <a href=\"http:\/\/www.marmoldealicante.com\/\" class=\"figure-image  image-all\" data-links=\"\" target=\"_blank\">\n    \n    <img decoding=\"async\" src=\"https:\/\/bemarsa.com\/wp-content\/uploads\/2018\/01\/logo-marmol-de-alicante.png\"   class=\"normalwidth\" \/>    \n            <\/a>\n    \n<\/div><div class=\"divider-wrapper\" style=\"visibility:hidden;background-color:\">\n    <div class=\"visible-xs\" style=\"height:24px;\"><\/div>\n    <div class=\"visible-sm\" style=\"height:24px;\"><\/div>\n    <div class=\"visible-md\" style=\"height:24px;\"><\/div>\n    <div class=\"visible-lg\" style=\"height:24px;\"><\/div>\n<\/div><\/div><div class=\"col-md-6    upper-footer-right text-left small-screen-center\"  ><div class=\"divider-wrapper\" style=\"visibility:hidden;background-color:\">\n    <div class=\"visible-xs\" style=\"height:24px;\"><\/div>\n    <div class=\"visible-sm\" style=\"height:24px;\"><\/div>\n    <div class=\"visible-md\" style=\"height:0px;\"><\/div>\n    <div class=\"visible-lg\" style=\"height:0px;\"><\/div>\n<\/div><header class=\"text-default  element-medium-top element-short-bottom not-condensed\" data-os-animation=\"none\" data-os-animation-delay=\"0s\" >\n    <h4 class=\"normal regular no-bordered-header bordered-normal\"style=\"color:#ffffff;\" >\n        \u0421\u0432\u044f\u0436\u0438\u0442\u0435\u0441\u044c \u0441 \u043d\u0430\u043c\u0438    <\/h4>\n    <\/header>\n\n<div class=\"wpcf7 no-js\" id=\"wpcf7-f905-o1\" lang=\"es-ES\" dir=\"ltr\">\n<div class=\"screen-reader-response\"><p role=\"status\" aria-live=\"polite\" aria-atomic=\"true\"><\/p> <ul><\/ul><\/div>\n<form action=\"\/ru\/wp-json\/wp\/v2\/pages\/1848#wpcf7-f905-o1\" method=\"post\" class=\"wpcf7-form init\" aria-label=\"Formulario de contacto\" novalidate=\"novalidate\" data-status=\"init\">\n<div style=\"display: none;\">\n<input type=\"hidden\" name=\"_wpcf7\" value=\"905\" \/>\n<input type=\"hidden\" name=\"_wpcf7_version\" value=\"5.9.8\" \/>\n<input type=\"hidden\" name=\"_wpcf7_locale\" value=\"es_ES\" \/>\n<input type=\"hidden\" name=\"_wpcf7_unit_tag\" value=\"wpcf7-f905-o1\" \/>\n<input type=\"hidden\" name=\"_wpcf7_container_post\" value=\"0\" \/>\n<input type=\"hidden\" name=\"_wpcf7_posted_data_hash\" value=\"\" \/>\n<input type=\"hidden\" name=\"_wpcf7_recaptcha_response\" value=\"\" \/>\n<\/div>\n<table width=\"100%\">\n\t<tr>\n\t\t<td style=\"padding-right:6px;\">\n\t\t\t<p><span class=\"wpcf7-form-control-wrap\" data-name=\"tu-nombre\"><input size=\"40\" maxlength=\"400\" class=\"wpcf7-form-control wpcf7-text wpcf7-validates-as-required input-formulario\" aria-required=\"true\" aria-invalid=\"false\" placeholder=\"\u0418\u043c\u044f\" value=\"\" type=\"text\" name=\"tu-nombre\" \/><\/span>\n\t\t\t<\/p>\n\t\t<\/td>\n\t\t<td style=\"padding-right:6px;\">\n\t\t\t<p><span class=\"wpcf7-form-control-wrap\" data-name=\"tu-nombre\"><input size=\"40\" maxlength=\"400\" class=\"wpcf7-form-control wpcf7-text wpcf7-validates-as-required input-formulario\" aria-required=\"true\" aria-invalid=\"false\" placeholder=\"\u0441\u0442\u0440\u0430\u043d\u0430\" value=\"\" type=\"text\" name=\"tu-nombre\" \/><\/span>\n\t\t\t<\/p>\n\t\t<\/td>\n\t\t<td style=\"padding-left:6px;\">\n\t\t\t<p><span class=\"wpcf7-form-control-wrap\" data-name=\"tu-email\"><input size=\"40\" maxlength=\"400\" class=\"wpcf7-form-control wpcf7-email wpcf7-validates-as-required wpcf7-text wpcf7-validates-as-email input-formulario\" aria-required=\"true\" aria-invalid=\"false\" placeholder=\"\u041c\u0435\u0439\u043b\" value=\"\" type=\"email\" name=\"tu-email\" \/><\/span>\n\t\t\t<\/p>\n\t\t<\/td>\n\t<\/tr>\n<\/table>\n<p><span class=\"wpcf7-form-control-wrap\" data-name=\"tu-mensaje\"><textarea cols=\"40\" rows=\"10\" maxlength=\"2000\" class=\"wpcf7-form-control wpcf7-textarea wpcf7-validates-as-required input-formulario-area\" aria-required=\"true\" aria-invalid=\"false\" placeholder=\"\u0421\u043e\u043e\u0431\u0449\u0435\u043d\u0438\u0435\" name=\"tu-mensaje\"><\/textarea><\/span>\n<\/p>\n<table width=\"100%\" style=\"font-size:0.9em!important;\">\n\t<tr>\n\t\t<td align=\"left\" width=\"160\">\n\t\t\t<p><input class=\"wpcf7-form-control wpcf7-submit has-spinner\" type=\"submit\" value=\"\u041e\u0442\u043f\u0440\u0430\u0432\u0438\u0442\u044c\" \/>\n\t\t\t<\/p>\n\t\t<\/td>\n\t\t<td valign=\"bottom\" width=\"20\" align=\"left\">\n\t\t\t<p><span class=\"wpcf7-form-control-wrap\" data-name=\"yo-acepto\"><span class=\"wpcf7-form-control wpcf7-acceptance\"><span class=\"wpcf7-list-item\"><input type=\"checkbox\" name=\"yo-acepto\" value=\"1\" aria-invalid=\"false\" \/><\/span><\/span><\/span>\n\t\t\t<\/p>\n\t\t<\/td>\n\t\t<td valign=\"bottom\" align=\"left\" style=\"padding-right:0px; font-size:10px;\">\n\t\t\t<p>\u041f\u0440\u043e\u0447\u0438\u0442\u0430\u043b \u0438 <span class=\"popmake-aviso-legal-ru\"><u>\u0441\u043e\u0433\u043b\u0430\u0448\u0430\u044e\u0441\u044c \u0441 \u0443\u0441\u043b\u043e\u0432\u0438\u044f\u043c\u0438 <\/u>.<\/span>\n\t\t\t<\/p>\n\t\t<\/td>\n\t<\/tr>\n\t<p style=\"font-size: 12px;\">\u042d\u0442\u043e\u0442 \u0432\u0435\u0431-\u0441\u0430\u0439\u0442 \u044f\u0432\u043b\u044f\u0435\u0442\u0441\u044f \u0441\u043e\u0431\u0441\u0442\u0432\u0435\u043d\u043d\u043e\u0441\u0442\u044c\u044e BENICANTIL MARMOLES, S.A. \u0441 NIF \u2116 A03158029 \u0438 \u0430\u0434\u0440\u0435\u0441\u043e\u043c CARRETERA ELDA-MON\u00d3VAR, CAMINO DE LA ESTACI\u00d3N S \/ N, ELDA, 03600, \u0410\u043b\u0438\u043a\u0430\u043d\u0442\u0435 \u0438 \u0437\u0430\u0440\u0435\u0433\u0438\u0441\u0442\u0440\u0438\u0440\u043e\u0432\u0430\u043d\u043d\u044b\u043c \u0432 \u0442\u043e\u0440\u0433\u043e\u0432\u043e\u043c \u0440\u0435\u0435\u0441\u0442\u0440\u0435 \u2026\u2026\u2026\u2026 .. \u0412\u044b \u043c\u043e\u0436\u0435\u0442\u0435 \u0441\u0432\u044f\u0437\u0430\u0442\u044c\u0441\u044f \u0441 \u043d\u0430\u043c\u0438 \u043f\u043e \u0430\u0434\u0440\u0435\u0441\u0443 info@bemarsa.com \u0438\u043b\u0438 \u043f\u043e \u0442\u0435\u043b\u0435\u0444\u043e\u043d\u0443 966 961 022. \u041d\u0430\u0448\u0430 \u0441\u043e\u0446\u0438\u0430\u043b\u044c\u043d\u0430\u044f \u0434\u0435\u044f\u0442\u0435\u043b\u044c\u043d\u043e\u0441\u0442\u044c - \u043f\u0440\u043e\u0438\u0437\u0432\u043e\u0434\u0441\u0442\u0432\u043e \u043f\u0440\u0438\u0440\u043e\u0434\u043d\u043e\u0433\u043e \u043a\u0430\u043c\u043d\u044f. \u041d\u0430\u0437\u043d\u0430\u0447\u0435\u043d\u0438\u0435 \u0441\u0430\u0439\u0442\u0430 - \u0438\u043d\u0444\u043e\u0440\u043c\u0430\u0442\u0438\u0432\u043d\u043e\u0435.\n\t<\/p>\n\t<p\/>\n\t<\/p>\n<\/table><div class=\"wpcf7-response-output\" aria-hidden=\"true\"><\/div>\n<\/form>\n<\/div>\n<div class=\"divider-wrapper\" style=\"visibility:hidden;background-color:\">\n    <div class=\"visible-xs\" style=\"height:24px;\"><\/div>\n    <div class=\"visible-sm\" style=\"height:24px;\"><\/div>\n    <div class=\"visible-md\" style=\"height:60px;\"><\/div>\n    <div class=\"visible-lg\" style=\"height:60px;\"><\/div>\n<\/div><\/div>        <\/div>\n    <\/div>\n<\/section>\n<\/div>\n<\/div><\/div>        <\/div>\n    <\/div>\n<\/section>\n","protected":false},"excerpt":{"rendered":"Iberic Beig\u00a0 \u0418\u0437\u0432\u0435\u0441\u0442\u043d\u044f\u043a\u0438 Capri Limestone White Cloudy Forest Limestone Zenith Almorqu\u00ed Sunset Limestone Niwala Sim\u00f3n Iberig Beig Benicantil M\u00e1rmoles, S.A. Camino de la Estaci\u00f3n s\/n Ctra. Elda &#8212; Mon\u00f3var 03600 Elda &#8212; Alicante (Espa\u00f1a) &nbsp; \u00a0\u00a0\u00a0+34 966 961 022 \u00a0\u00a0+34 966 960 728 &nbsp; \u00a0\u00a0info@bemarsa.com \u0421\u0432\u044f\u0436\u0438\u0442\u0435\u0441\u044c \u0441 \u043d\u0430\u043c\u0438 \u041f\u0440\u043e\u0447\u0438\u0442\u0430\u043b \u0438 \u0441\u043e\u0433\u043b\u0430\u0448\u0430\u044e\u0441\u044c \u0441 \u0443\u0441\u043b\u043e\u0432\u0438\u044f\u043c\u0438 . \u042d\u0442\u043e\u0442","protected":false},"author":1,"featured_media":0,"parent":1841,"menu_order":0,"comment_status":"closed","ping_status":"closed","template":"","meta":{"footnotes":""},"aioseo_notices":[],"_links":{"self":[{"href":"https:\/\/bemarsa.com\/ru\/wp-json\/wp\/v2\/pages\/1848"}],"collection":[{"href":"https:\/\/bemarsa.com\/ru\/wp-json\/wp\/v2\/pages"}],"about":[{"href":"https:\/\/bemarsa.com\/ru\/wp-json\/wp\/v2\/types\/page"}],"author":[{"embeddable":true,"href":"https:\/\/bemarsa.com\/ru\/wp-json\/wp\/v2\/users\/1"}],"replies":[{"embeddable":true,"href":"https:\/\/bemarsa.com\/ru\/wp-json\/wp\/v2\/comments?post=1848"}],"version-history":[{"count":1,"href":"https:\/\/bemarsa.com\/ru\/wp-json\/wp\/v2\/pages\/1848\/revisions"}],"predecessor-version":[{"id":1849,"href":"https:\/\/bemarsa.com\/ru\/wp-json\/wp\/v2\/pages\/1848\/revisions\/1849"}],"up":[{"embeddable":true,"href":"https:\/\/bemarsa.com\/ru\/wp-json\/wp\/v2\/pages\/1841"}],"wp:attachment":[{"href":"https:\/\/bemarsa.com\/ru\/wp-json\/wp\/v2\/media?parent=1848"}],"curies":[{"name":"wp","href":"https:\/\/api.w.org\/{rel}","templated":true}]}}